{"id":22,"date":"2025-02-22T17:18:02","date_gmt":"2025-02-22T16:18:02","guid":{"rendered":"https:\/\/www.jeanbailenart.com\/?page_id=22"},"modified":"2025-04-02T15:30:59","modified_gmt":"2025-04-02T13:30:59","slug":"contact","status":"publish","type":"page","link":"https:\/\/www.jeanbailenart.com\/index.php\/contact\/","title":{"rendered":"Contact"},"content":{"rendered":"\t\t<div data-elementor-type=\"wp-page\" data-elementor-id=\"22\" class=\"elementor elementor-22\">\n\t\t\t\t<div class=\"elementor-element elementor-element-659a1bf e-flex e-con-boxed e-con e-parent\" data-id=\"659a1bf\" data-element_type=\"container\" data-e-type=\"container\">\n\t\t\t\t\t<div class=\"e-con-inner\">\n\t\t\t\t<div class=\"elementor-element elementor-element-5eb3fb7 elementor-widget elementor-widget-heading\" data-id=\"5eb3fb7\" data-element_type=\"widget\" data-e-type=\"widget\" data-widget_type=\"heading.default\">\n\t\t\t\t<div class=\"elementor-widget-container\">\n\t\t\t\t\t<h2 class=\"elementor-heading-title elementor-size-default\">CONTACT<\/h2>\t\t\t\t<\/div>\n\t\t\t\t<\/div>\n\t\t\t\t\t<\/div>\n\t\t\t\t<\/div>\n\t\t<div class=\"elementor-element elementor-element-d00ccc4 e-flex e-con-boxed e-con e-parent\" data-id=\"d00ccc4\" data-element_type=\"container\" data-e-type=\"container\">\n\t\t\t\t\t<div class=\"e-con-inner\">\n\t\t<div class=\"elementor-element elementor-element-2140522 e-con-full e-flex e-con e-child\" data-id=\"2140522\" data-element_type=\"container\" data-e-type=\"container\">\n\t\t\t\t<div class=\"elementor-element elementor-element-e74510c elementor-widget elementor-widget-heading\" data-id=\"e74510c\" data-element_type=\"widget\" data-e-type=\"widget\" data-widget_type=\"heading.default\">\n\t\t\t\t<div class=\"elementor-widget-container\">\n\t\t\t\t\t<h2 class=\"elementor-heading-title elementor-size-default\">Pour tout achat ou toute question, contactez-moi \u00e0 l'adresse contact@jeanbailenart.com ou envoyez-moi un message via le formulaire ci-dessous. Je vous r\u00e9pondrai dans les plus brefs d\u00e9lais.<\/h2>\t\t\t\t<\/div>\n\t\t\t\t<\/div>\n\t\t\t\t<div class=\"elementor-element elementor-element-3ae3918 elementor-widget elementor-widget-formidable\" data-id=\"3ae3918\" data-element_type=\"widget\" data-e-type=\"widget\" data-widget_type=\"formidable.default\">\n\t\t\t\t<div class=\"elementor-widget-container\">\n\t\t\t\t\t<div class=\"frm_forms  with_frm_style frm_style_style-formidable\" id=\"frm_form_2_container\" data-token=\"5a8630790d767dcf6fa150af0776c858\">\n<form enctype=\"multipart\/form-data\" method=\"post\" class=\"frm-show-form \" id=\"form_formulaire\" data-token=\"5a8630790d767dcf6fa150af0776c858\">\n<div class=\"frm_form_fields \">\n<fieldset>\n<legend class=\"frm_screen_reader\">Formulaire<\/legend>\n\n<div class=\"frm_fields_container\">\n<input type=\"hidden\" name=\"frm_action\" value=\"create\" \/>\n<input type=\"hidden\" name=\"form_id\" value=\"2\" \/>\n<input type=\"hidden\" name=\"frm_hide_fields_2\" id=\"frm_hide_fields_2\" value=\"\" \/>\n<input type=\"hidden\" name=\"form_key\" value=\"formulaire\" \/>\n<input type=\"hidden\" name=\"item_meta[0]\" value=\"\" \/>\n<input type=\"hidden\" id=\"frm_submit_entry_2\" name=\"frm_submit_entry_2\" value=\"0921af3063\" \/><input type=\"hidden\" name=\"_wp_http_referer\" value=\"\/index.php\/wp-json\/wp\/v2\/pages\/22\" \/><div id=\"frm_field_9_container\" class=\"frm_form_field form-field  frm_required_field frm_top_container\">\n\t<div  id=\"field_piu1j_label\" class=\"frm_primary_label\">Nom\n\t\t<span class=\"frm_required\" aria-hidden=\"true\">*<\/span>\n\t<\/div>\n\t<fieldset aria-labelledby=\"field_piu1j_label\">\n\t<legend class=\"frm_screen_reader frm_hidden\">\n\t\tNom\t<\/legend>\n\n\t<div  class=\"frm_combo_inputs_container\" id=\"frm_combo_inputs_container_9\" data-name-layout=\"first_last\">\n\t\t\t\t\t<div\n\t\t\t\tid=\"frm_field_9-first_container\"\n\t\t\t\tclass=\"frm_form_field form-field frm_form_subfield-first  frm6\"\n\t\t\t\tdata-sub-field-name=\"first\"\n\t\t\t>\n\t\t\t\t<label for=\"field_piu1j_first\" class=\"frm_screen_reader frm_hidden\">\n\t\t\t\t\tPr\u00e9nom\t\t\t\t<\/label>\n\n\t\t\t\t<input  type=\"text\" id=\"field_piu1j_first\" value=\"\" name=\"item_meta[9][first]\" autocomplete=\"given-name\" data-reqmsg=\"Nom ne peut pas \u00eatre vide.\" aria-required=\"true\" data-invmsg=\"Nom est non valide\" aria-invalid=\"false\"  \/><div class=\"frm_description\" id=\"frm_field_9_first_desc\">Pr\u00e9nom<\/div>\t\t\t<\/div>\n\t\t\t\t\t\t<div\n\t\t\t\tid=\"frm_field_9-last_container\"\n\t\t\t\tclass=\"frm_form_field form-field frm_form_subfield-last  frm6\"\n\t\t\t\tdata-sub-field-name=\"last\"\n\t\t\t>\n\t\t\t\t<label for=\"field_piu1j_last\" class=\"frm_screen_reader frm_hidden\">\n\t\t\t\t\tNom\t\t\t\t<\/label>\n\n\t\t\t\t<input  type=\"text\" id=\"field_piu1j_last\" value=\"\" name=\"item_meta[9][last]\" autocomplete=\"family-name\" data-reqmsg=\"Nom ne peut pas \u00eatre vide.\" aria-required=\"true\" data-invmsg=\"Nom est non valide\" aria-invalid=\"false\"  \/><div class=\"frm_description\" id=\"frm_field_9_last_desc\">Nom<\/div>\t\t\t<\/div>\n\t\t\t\t<\/div>\n<\/fieldset>\n\n\t\n\t\n<\/div>\n<div id=\"frm_field_13_container\" class=\"frm_form_field form-field  frm_required_field frm_top_container\">\n\t<label for=\"field_f1h4p\" id=\"field_f1h4p_label\" class=\"frm_primary_label\">E-mail\n\t\t<span class=\"frm_required\" aria-hidden=\"true\">*<\/span>\n\t<\/label>\n\t<input type=\"email\" id=\"field_f1h4p\" name=\"item_meta[13]\" value=\"\"  data-reqmsg=\"E-mail ne peut pas \u00eatre vide.\" aria-required=\"true\" data-invmsg=\"E-mail est non valide\" aria-invalid=\"false\"  \/>\n\t\n\t\n<\/div>\n<div id=\"frm_field_12_container\" class=\"frm_form_field form-field  frm_top_container\">\n\t<label for=\"field_dd08z\" id=\"field_dd08z_label\" class=\"frm_primary_label\">T\u00e9l\u00e9phone\n\t\t<span class=\"frm_required\" aria-hidden=\"true\"><\/span>\n\t<\/label>\n\t<input type=\"tel\" id=\"field_dd08z\" name=\"item_meta[12]\" value=\"\"  data-invmsg=\"T\u00e9l\u00e9phone est non valide\" aria-invalid=\"false\" pattern=\"((\\+\\d{1,3}(-|.| )?\\(?\\d\\)?(-| |.)?\\d{1,5})|(\\(?\\d{2,6}\\)?))(-|.| )?(\\d{3,4})(-|.| )?(\\d{4})(( x| ext)\\d{1,5}){0,1}$\"  \/>\n\t\n\t\n<\/div>\n<div id=\"frm_field_14_container\" class=\"frm_form_field form-field  frm_required_field frm_top_container\">\n\t<label for=\"field_g4kdf\" id=\"field_g4kdf_label\" class=\"frm_primary_label\">Votre message\n\t\t<span class=\"frm_required\" aria-hidden=\"true\">*<\/span>\n\t<\/label>\n\t<textarea name=\"item_meta[14]\" id=\"field_g4kdf\" rows=\"5\"  data-reqmsg=\"Votre message ne peut pas \u00eatre vide.\" aria-required=\"true\" data-invmsg=\"Votre message est non valide\" aria-invalid=\"false\"  ><\/textarea>\n\t\n\t\n<\/div>\n<div id=\"frm_field_6_container\" class=\"frm_form_field form-field  frm12 frm_first\">\n\t<div class=\"frm_submit frm_flex\">\n<button class=\"frm_button_submit\" type=\"submit\"  >Envoyer<\/button>\n\n\n\n<\/div>\n<\/div>\n\t<input type=\"hidden\" name=\"item_key\" value=\"\" \/>\n\t\t\t<div id=\"frm_field_15_container\">\n\t\t\t<label for=\"field_l50ag\" >\n\t\t\t\tSi vous \u00eates un humain, ne remplissez pas ce champ.\t\t\t<\/label>\n\t\t\t<input  id=\"field_l50ag\" type=\"text\" class=\"frm_form_field form-field frm_verify\" name=\"item_meta[15]\" value=\"\"  \/>\n\t\t<\/div>\n\t\t<input name=\"frm_state\" type=\"hidden\" value=\"36K6RJV\/peG3LiLmBLsHpb96cVo3raFNhzLNV\/vIQgU=\" \/><\/div>\n<\/fieldset>\n<\/div>\n\n<\/form>\n<\/div>\n\t\t\t\t<\/div>\n\t\t\t\t<\/div>\n\t\t\t\t<\/div>\n\t\t<div class=\"elementor-element elementor-element-6c58808 e-con-full e-flex e-con e-child\" data-id=\"6c58808\" data-element_type=\"container\" data-e-type=\"container\">\n\t\t\t\t<div class=\"elementor-element elementor-element-c01f8c9 elementor-widget elementor-widget-google_maps\" data-id=\"c01f8c9\" data-element_type=\"widget\" data-e-type=\"widget\" data-widget_type=\"google_maps.default\">\n\t\t\t\t<div class=\"elementor-widget-container\">\n\t\t\t\t\t\t\t<div class=\"elementor-custom-embed\">\n\t\t\t<iframe loading=\"lazy\"\n\t\t\t\t\tsrc=\"https:\/\/maps.google.com\/maps?q=france%20113%20route%20de%20villecheneve%20Saint%20forgeux&#038;t=m&#038;z=10&#038;output=embed&#038;iwloc=near\"\n\t\t\t\t\ttitle=\"france 113 route de villecheneve Saint forgeux\"\n\t\t\t\t\taria-label=\"france 113 route de villecheneve Saint forgeux\"\n\t\t\t><\/iframe>\n\t\t<\/div>\n\t\t\t\t\t\t<\/div>\n\t\t\t\t<\/div>\n\t\t\t\t<\/div>\n\t\t\t\t\t<\/div>\n\t\t\t\t<\/div>\n\t\t\t\t<\/div>\n\t\t","protected":false},"excerpt":{"rendered":"<p>CONTACT Pour tout achat ou toute question, contactez-moi \u00e0 l&rsquo;adresse contact@jeanbailenart.com ou envoyez-moi un message via le formulaire ci-dessous. Je vous r\u00e9pondrai dans les plus brefs d\u00e9lais. Formulaire Nom * Nom Pr\u00e9nom Pr\u00e9nom Nom Nom E-mail * T\u00e9l\u00e9phone Votre message * Envoyer Si vous \u00eates un humain, ne remplissez pas ce champ.<\/p>\n","protected":false},"author":1,"featured_media":0,"parent":0,"menu_order":0,"comment_status":"closed","ping_status":"closed","template":"","meta":{"ocean_post_layout":"","ocean_both_sidebars_style":"","ocean_both_sidebars_content_width":0,"ocean_both_sidebars_sidebars_width":0,"ocean_sidebar":"","ocean_second_sidebar":"","ocean_disable_margins":"enable","ocean_add_body_class":"","ocean_shortcode_before_top_bar":"","ocean_shortcode_after_top_bar":"","ocean_shortcode_before_header":"","ocean_shortcode_after_header":"","ocean_has_shortcode":"","ocean_shortcode_after_title":"","ocean_shortcode_before_footer_widgets":"","ocean_shortcode_after_footer_widgets":"","ocean_shortcode_before_footer_bottom":"","ocean_shortcode_after_footer_bottom":"","ocean_display_top_bar":"default","ocean_display_header":"default","ocean_header_style":"","ocean_center_header_left_menu":"","ocean_custom_header_template":"","ocean_custom_logo":0,"ocean_custom_retina_logo":0,"ocean_custom_logo_max_width":0,"ocean_custom_logo_tablet_max_width":0,"ocean_custom_logo_mobile_max_width":0,"ocean_custom_logo_max_height":0,"ocean_custom_logo_tablet_max_height":0,"ocean_custom_logo_mobile_max_height":0,"ocean_header_custom_menu":"","ocean_menu_typo_font_family":"","ocean_menu_typo_font_subset":"","ocean_menu_typo_font_size":0,"ocean_menu_typo_font_size_tablet":0,"ocean_menu_typo_font_size_mobile":0,"ocean_menu_typo_font_size_unit":"px","ocean_menu_typo_font_weight":"","ocean_menu_typo_font_weight_tablet":"","ocean_menu_typo_font_weight_mobile":"","ocean_menu_typo_transform":"","ocean_menu_typo_transform_tablet":"","ocean_menu_typo_transform_mobile":"","ocean_menu_typo_line_height":0,"ocean_menu_typo_line_height_tablet":0,"ocean_menu_typo_line_height_mobile":0,"ocean_menu_typo_line_height_unit":"","ocean_menu_typo_spacing":0,"ocean_menu_typo_spacing_tablet":0,"ocean_menu_typo_spacing_mobile":0,"ocean_menu_typo_spacing_unit":"","ocean_menu_link_color":"","ocean_menu_link_color_hover":"","ocean_menu_link_color_active":"","ocean_menu_link_background":"","ocean_menu_link_hover_background":"","ocean_menu_link_active_background":"","ocean_menu_social_links_bg":"","ocean_menu_social_hover_links_bg":"","ocean_menu_social_links_color":"","ocean_menu_social_hover_links_color":"","ocean_disable_title":"default","ocean_disable_heading":"default","ocean_post_title":"","ocean_post_subheading":"","ocean_post_title_style":"","ocean_post_title_background_color":"","ocean_post_title_background":0,"ocean_post_title_bg_image_position":"","ocean_post_title_bg_image_attachment":"","ocean_post_title_bg_image_repeat":"","ocean_post_title_bg_image_size":"","ocean_post_title_height":0,"ocean_post_title_bg_overlay":0.5,"ocean_post_title_bg_overlay_color":"","ocean_disable_breadcrumbs":"default","ocean_breadcrumbs_color":"","ocean_breadcrumbs_separator_color":"","ocean_breadcrumbs_links_color":"","ocean_breadcrumbs_links_hover_color":"","ocean_display_footer_widgets":"default","ocean_display_footer_bottom":"default","ocean_custom_footer_template":"","footnotes":""},"class_list":["post-22","page","type-page","status-publish","hentry","entry","owp-thumbs-layout-horizontal","owp-btn-normal","owp-tabs-layout-horizontal","has-no-thumbnails","has-product-nav"],"yoast_head":"<!-- This site is optimized with the Yoast SEO plugin v27.5 - https:\/\/yoast.com\/product\/yoast-seo-wordpress\/ -->\n<title>Contact - JeanBailenArt<\/title>\n<meta name=\"robots\" content=\"index, follow, max-snippet:-1, max-image-preview:large, max-video-preview:-1\" \/>\n<link rel=\"canonical\" href=\"https:\/\/www.jeanbailenart.com\/index.php\/contact\/\" \/>\n<meta property=\"og:locale\" content=\"fr_FR\" \/>\n<meta property=\"og:type\" content=\"article\" \/>\n<meta property=\"og:title\" content=\"Contact - JeanBailenArt\" \/>\n<meta property=\"og:description\" content=\"CONTACT Pour tout achat ou toute question, contactez-moi \u00e0 l&rsquo;adresse contact@jeanbailenart.com ou envoyez-moi un message via le formulaire ci-dessous. Je vous r\u00e9pondrai dans les plus brefs d\u00e9lais. Formulaire Nom * Nom Pr\u00e9nom Pr\u00e9nom Nom Nom E-mail * T\u00e9l\u00e9phone Votre message * Envoyer Si vous \u00eates un humain, ne remplissez pas ce champ.\" \/>\n<meta property=\"og:url\" content=\"https:\/\/www.jeanbailenart.com\/index.php\/contact\/\" \/>\n<meta property=\"og:site_name\" content=\"JeanBailenArt\" \/>\n<meta property=\"article:modified_time\" content=\"2025-04-02T13:30:59+00:00\" \/>\n<meta name=\"twitter:card\" content=\"summary_large_image\" \/>\n<meta name=\"twitter:label1\" content=\"Dur\u00e9e de lecture estim\u00e9e\" \/>\n\t<meta name=\"twitter:data1\" content=\"1 minute\" \/>\n<script type=\"application\/ld+json\" class=\"yoast-schema-graph\">{\"@context\":\"https:\\\/\\\/schema.org\",\"@graph\":[{\"@type\":\"WebPage\",\"@id\":\"https:\\\/\\\/www.jeanbailenart.com\\\/index.php\\\/contact\\\/\",\"url\":\"https:\\\/\\\/www.jeanbailenart.com\\\/index.php\\\/contact\\\/\",\"name\":\"Contact - JeanBailenArt\",\"isPartOf\":{\"@id\":\"https:\\\/\\\/www.jeanbailenart.com\\\/#website\"},\"datePublished\":\"2025-02-22T16:18:02+00:00\",\"dateModified\":\"2025-04-02T13:30:59+00:00\",\"breadcrumb\":{\"@id\":\"https:\\\/\\\/www.jeanbailenart.com\\\/index.php\\\/contact\\\/#breadcrumb\"},\"inLanguage\":\"fr-FR\",\"potentialAction\":[{\"@type\":\"ReadAction\",\"target\":[\"https:\\\/\\\/www.jeanbailenart.com\\\/index.php\\\/contact\\\/\"]}]},{\"@type\":\"BreadcrumbList\",\"@id\":\"https:\\\/\\\/www.jeanbailenart.com\\\/index.php\\\/contact\\\/#breadcrumb\",\"itemListElement\":[{\"@type\":\"ListItem\",\"position\":1,\"name\":\"Accueil\",\"item\":\"https:\\\/\\\/www.jeanbailenart.com\\\/\"},{\"@type\":\"ListItem\",\"position\":2,\"name\":\"Contact\"}]},{\"@type\":\"WebSite\",\"@id\":\"https:\\\/\\\/www.jeanbailenart.com\\\/#website\",\"url\":\"https:\\\/\\\/www.jeanbailenart.com\\\/\",\"name\":\"JeanBailenArt\",\"description\":\"Un site utilisant WordPress\",\"potentialAction\":[{\"@type\":\"SearchAction\",\"target\":{\"@type\":\"EntryPoint\",\"urlTemplate\":\"https:\\\/\\\/www.jeanbailenart.com\\\/?s={search_term_string}\"},\"query-input\":{\"@type\":\"PropertyValueSpecification\",\"valueRequired\":true,\"valueName\":\"search_term_string\"}}],\"inLanguage\":\"fr-FR\"}]}<\/script>\n<!-- \/ Yoast SEO plugin. -->","yoast_head_json":{"title":"Contact - JeanBailenArt","robots":{"index":"index","follow":"follow","max-snippet":"max-snippet:-1","max-image-preview":"max-image-preview:large","max-video-preview":"max-video-preview:-1"},"canonical":"https:\/\/www.jeanbailenart.com\/index.php\/contact\/","og_locale":"fr_FR","og_type":"article","og_title":"Contact - JeanBailenArt","og_description":"CONTACT Pour tout achat ou toute question, contactez-moi \u00e0 l&rsquo;adresse contact@jeanbailenart.com ou envoyez-moi un message via le formulaire ci-dessous. Je vous r\u00e9pondrai dans les plus brefs d\u00e9lais. Formulaire Nom * Nom Pr\u00e9nom Pr\u00e9nom Nom Nom E-mail * T\u00e9l\u00e9phone Votre message * Envoyer Si vous \u00eates un humain, ne remplissez pas ce champ.","og_url":"https:\/\/www.jeanbailenart.com\/index.php\/contact\/","og_site_name":"JeanBailenArt","article_modified_time":"2025-04-02T13:30:59+00:00","twitter_card":"summary_large_image","twitter_misc":{"Dur\u00e9e de lecture estim\u00e9e":"1 minute"},"schema":{"@context":"https:\/\/schema.org","@graph":[{"@type":"WebPage","@id":"https:\/\/www.jeanbailenart.com\/index.php\/contact\/","url":"https:\/\/www.jeanbailenart.com\/index.php\/contact\/","name":"Contact - JeanBailenArt","isPartOf":{"@id":"https:\/\/www.jeanbailenart.com\/#website"},"datePublished":"2025-02-22T16:18:02+00:00","dateModified":"2025-04-02T13:30:59+00:00","breadcrumb":{"@id":"https:\/\/www.jeanbailenart.com\/index.php\/contact\/#breadcrumb"},"inLanguage":"fr-FR","potentialAction":[{"@type":"ReadAction","target":["https:\/\/www.jeanbailenart.com\/index.php\/contact\/"]}]},{"@type":"BreadcrumbList","@id":"https:\/\/www.jeanbailenart.com\/index.php\/contact\/#breadcrumb","itemListElement":[{"@type":"ListItem","position":1,"name":"Accueil","item":"https:\/\/www.jeanbailenart.com\/"},{"@type":"ListItem","position":2,"name":"Contact"}]},{"@type":"WebSite","@id":"https:\/\/www.jeanbailenart.com\/#website","url":"https:\/\/www.jeanbailenart.com\/","name":"JeanBailenArt","description":"Un site utilisant WordPress","potentialAction":[{"@type":"SearchAction","target":{"@type":"EntryPoint","urlTemplate":"https:\/\/www.jeanbailenart.com\/?s={search_term_string}"},"query-input":{"@type":"PropertyValueSpecification","valueRequired":true,"valueName":"search_term_string"}}],"inLanguage":"fr-FR"}]}},"_links":{"self":[{"href":"https:\/\/www.jeanbailenart.com\/index.php\/wp-json\/wp\/v2\/pages\/22","targetHints":{"allow":["GET"]}}],"collection":[{"href":"https:\/\/www.jeanbailenart.com\/index.php\/wp-json\/wp\/v2\/pages"}],"about":[{"href":"https:\/\/www.jeanbailenart.com\/index.php\/wp-json\/wp\/v2\/types\/page"}],"author":[{"embeddable":true,"href":"https:\/\/www.jeanbailenart.com\/index.php\/wp-json\/wp\/v2\/users\/1"}],"replies":[{"embeddable":true,"href":"https:\/\/www.jeanbailenart.com\/index.php\/wp-json\/wp\/v2\/comments?post=22"}],"version-history":[{"count":16,"href":"https:\/\/www.jeanbailenart.com\/index.php\/wp-json\/wp\/v2\/pages\/22\/revisions"}],"predecessor-version":[{"id":744,"href":"https:\/\/www.jeanbailenart.com\/index.php\/wp-json\/wp\/v2\/pages\/22\/revisions\/744"}],"wp:attachment":[{"href":"https:\/\/www.jeanbailenart.com\/index.php\/wp-json\/wp\/v2\/media?parent=22"}],"curies":[{"name":"wp","href":"https:\/\/api.w.org\/{rel}","templated":true}]}}