{"id":472,"date":"2025-03-04T22:49:13","date_gmt":"2025-03-04T21:49:13","guid":{"rendered":"https:\/\/www.jeanbailenart.com\/?post_type=product&#038;p=472"},"modified":"2026-04-29T10:37:49","modified_gmt":"2026-04-29T08:37:49","slug":"violetwoo-n42","status":"publish","type":"product","link":"https:\/\/www.jeanbailenart.com\/index.php\/produit\/violetwoo-n42\/","title":{"rendered":"\u00ab\u00a0Violetwoo\u00a0\u00bb n\u00b042<br>40x30cm"},"content":{"rendered":"","protected":false},"excerpt":{"rendered":"<ul>\n<li>\u0152uvre originale<\/li>\n<li>Aquarelle et encre sur papier 300g<\/li>\n<li>40&#215;30 cm<\/li>\n<li><span class=\"HwtZe\" lang=\"fr\"><span class=\"jCAhz ChMk0b\"><span class=\"ryNqvb\">Le dessin est prot\u00e9g\u00e9 par un fixateur<\/span><\/span><\/span><\/li>\n<li><span class=\"HwtZe\" lang=\"fr\"><span class=\"jCAhz ChMk0b\"><span class=\"ryNqvb\">Cadre non inclus<\/span><\/span><\/span><\/li>\n<\/ul>\n","protected":false},"featured_media":581,"comment_status":"closed","ping_status":"closed","template":"","meta":{"ocean_post_layout":"","ocean_both_sidebars_style":"","ocean_both_sidebars_content_width":0,"ocean_both_sidebars_sidebars_width":0,"ocean_sidebar":"0","ocean_second_sidebar":"0","ocean_disable_margins":"enable","ocean_add_body_class":"","ocean_shortcode_before_top_bar":"","ocean_shortcode_after_top_bar":"","ocean_shortcode_before_header":"","ocean_shortcode_after_header":"","ocean_has_shortcode":"","ocean_shortcode_after_title":"","ocean_shortcode_before_footer_widgets":"","ocean_shortcode_after_footer_widgets":"","ocean_shortcode_before_footer_bottom":"","ocean_shortcode_after_footer_bottom":"","ocean_display_top_bar":"default","ocean_display_header":"default","ocean_header_style":"","ocean_center_header_left_menu":"0","ocean_custom_header_template":"0","ocean_custom_logo":0,"ocean_custom_retina_logo":0,"ocean_custom_logo_max_width":0,"ocean_custom_logo_tablet_max_width":0,"ocean_custom_logo_mobile_max_width":0,"ocean_custom_logo_max_height":0,"ocean_custom_logo_tablet_max_height":0,"ocean_custom_logo_mobile_max_height":0,"ocean_header_custom_menu":"0","ocean_menu_typo_font_family":"0","ocean_menu_typo_font_subset":"","ocean_menu_typo_font_size":0,"ocean_menu_typo_font_size_tablet":0,"ocean_menu_typo_font_size_mobile":0,"ocean_menu_typo_font_size_unit":"px","ocean_menu_typo_font_weight":"","ocean_menu_typo_font_weight_tablet":"","ocean_menu_typo_font_weight_mobile":"","ocean_menu_typo_transform":"","ocean_menu_typo_transform_tablet":"","ocean_menu_typo_transform_mobile":"","ocean_menu_typo_line_height":0,"ocean_menu_typo_line_height_tablet":0,"ocean_menu_typo_line_height_mobile":0,"ocean_menu_typo_line_height_unit":"","ocean_menu_typo_spacing":0,"ocean_menu_typo_spacing_tablet":0,"ocean_menu_typo_spacing_mobile":0,"ocean_menu_typo_spacing_unit":"","ocean_menu_link_color":"","ocean_menu_link_color_hover":"","ocean_menu_link_color_active":"","ocean_menu_link_background":"","ocean_menu_link_hover_background":"","ocean_menu_link_active_background":"","ocean_menu_social_links_bg":"","ocean_menu_social_hover_links_bg":"","ocean_menu_social_links_color":"","ocean_menu_social_hover_links_color":"","ocean_disable_title":"default","ocean_disable_heading":"default","ocean_post_title":"","ocean_post_subheading":"","ocean_post_title_style":"","ocean_post_title_background_color":"","ocean_post_title_background":0,"ocean_post_title_bg_image_position":"","ocean_post_title_bg_image_attachment":"","ocean_post_title_bg_image_repeat":"","ocean_post_title_bg_image_size":"","ocean_post_title_height":0,"ocean_post_title_bg_overlay":0.5,"ocean_post_title_bg_overlay_color":"","ocean_disable_breadcrumbs":"default","ocean_breadcrumbs_color":"","ocean_breadcrumbs_separator_color":"","ocean_breadcrumbs_links_color":"","ocean_breadcrumbs_links_hover_color":"","ocean_display_footer_widgets":"default","ocean_display_footer_bottom":"default","ocean_custom_footer_template":"0"},"product_brand":[],"product_cat":[18,20],"product_tag":[],"class_list":{"0":"post-472","1":"product","2":"type-product","3":"status-publish","4":"has-post-thumbnail","6":"product_cat-aquarelle-dessin","7":"product_cat-vendu","9":"entry","10":"has-media","12":"first","13":"outofstock","14":"sold-individually","15":"shipping-taxable","16":"product-type-simple","17":"has-product-nav","18":"col","19":"span_1_of_3","20":"owp-content-center","21":"owp-thumbs-layout-horizontal","22":"owp-btn-normal","23":"owp-tabs-layout-horizontal","24":"has-no-thumbnails"},"yoast_head":"<!-- This site is optimized with the Yoast SEO plugin v27.5 - https:\/\/yoast.com\/product\/yoast-seo-wordpress\/ -->\n<title>&quot;Violetwoo&quot; n\u00b04240x30cm - JeanBailenArt<\/title>\n<meta name=\"robots\" content=\"index, follow, max-snippet:-1, max-image-preview:large, max-video-preview:-1\" \/>\n<link rel=\"canonical\" href=\"https:\/\/www.jeanbailenart.com\/index.php\/produit\/violetwoo-n42\/\" \/>\n<meta property=\"og:locale\" content=\"fr_FR\" \/>\n<meta property=\"og:type\" content=\"article\" \/>\n<meta property=\"og:title\" content=\"&quot;Violetwoo&quot; n\u00b04240x30cm - JeanBailenArt\" \/>\n<meta property=\"og:description\" content=\"\u0152uvre originale  Aquarelle et encre sur papier 300g  40x30 cm  Le dessin est prot\u00e9g\u00e9 par un fixateur  Cadre non inclus\" \/>\n<meta property=\"og:url\" content=\"https:\/\/www.jeanbailenart.com\/index.php\/produit\/violetwoo-n42\/\" \/>\n<meta property=\"og:site_name\" content=\"JeanBailenArt\" \/>\n<meta property=\"article:modified_time\" content=\"2026-04-29T08:37:49+00:00\" \/>\n<meta property=\"og:image\" content=\"http:\/\/www.jeanbailenart.com\/wp-content\/uploads\/2025\/03\/VioletWoo.jpg\" \/>\n\t<meta property=\"og:image:width\" content=\"2405\" \/>\n\t<meta property=\"og:image:height\" content=\"1800\" \/>\n\t<meta property=\"og:image:type\" content=\"image\/jpeg\" \/>\n<meta name=\"twitter:card\" content=\"summary_large_image\" \/>\n<meta name=\"twitter:label1\" content=\"Dur\u00e9e de lecture estim\u00e9e\" \/>\n\t<meta name=\"twitter:data1\" content=\"1 minute\" \/>\n<script type=\"application\/ld+json\" class=\"yoast-schema-graph\">{\"@context\":\"https:\\\/\\\/schema.org\",\"@graph\":[{\"@type\":\"WebPage\",\"@id\":\"https:\\\/\\\/www.jeanbailenart.com\\\/index.php\\\/produit\\\/violetwoo-n42\\\/\",\"url\":\"https:\\\/\\\/www.jeanbailenart.com\\\/index.php\\\/produit\\\/violetwoo-n42\\\/\",\"name\":\"\\\"Violetwoo\\\" n\u00b042 40x30cm - JeanBailenArt\",\"isPartOf\":{\"@id\":\"https:\\\/\\\/www.jeanbailenart.com\\\/#website\"},\"primaryImageOfPage\":{\"@id\":\"https:\\\/\\\/www.jeanbailenart.com\\\/index.php\\\/produit\\\/violetwoo-n42\\\/#primaryimage\"},\"image\":{\"@id\":\"https:\\\/\\\/www.jeanbailenart.com\\\/index.php\\\/produit\\\/violetwoo-n42\\\/#primaryimage\"},\"thumbnailUrl\":\"https:\\\/\\\/www.jeanbailenart.com\\\/wp-content\\\/uploads\\\/2025\\\/03\\\/VioletWoo.jpg\",\"datePublished\":\"2025-03-04T21:49:13+00:00\",\"dateModified\":\"2026-04-29T08:37:49+00:00\",\"breadcrumb\":{\"@id\":\"https:\\\/\\\/www.jeanbailenart.com\\\/index.php\\\/produit\\\/violetwoo-n42\\\/#breadcrumb\"},\"inLanguage\":\"fr-FR\",\"potentialAction\":[{\"@type\":\"ReadAction\",\"target\":[\"https:\\\/\\\/www.jeanbailenart.com\\\/index.php\\\/produit\\\/violetwoo-n42\\\/\"]}]},{\"@type\":\"ImageObject\",\"inLanguage\":\"fr-FR\",\"@id\":\"https:\\\/\\\/www.jeanbailenart.com\\\/index.php\\\/produit\\\/violetwoo-n42\\\/#primaryimage\",\"url\":\"https:\\\/\\\/www.jeanbailenart.com\\\/wp-content\\\/uploads\\\/2025\\\/03\\\/VioletWoo.jpg\",\"contentUrl\":\"https:\\\/\\\/www.jeanbailenart.com\\\/wp-content\\\/uploads\\\/2025\\\/03\\\/VioletWoo.jpg\",\"width\":2405,\"height\":1800},{\"@type\":\"BreadcrumbList\",\"@id\":\"https:\\\/\\\/www.jeanbailenart.com\\\/index.php\\\/produit\\\/violetwoo-n42\\\/#breadcrumb\",\"itemListElement\":[{\"@type\":\"ListItem\",\"position\":1,\"name\":\"Accueil\",\"item\":\"https:\\\/\\\/www.jeanbailenart.com\\\/\"},{\"@type\":\"ListItem\",\"position\":2,\"name\":\"Galerie\",\"item\":\"https:\\\/\\\/www.jeanbailenart.com\\\/index.php\\\/galerie\\\/\"},{\"@type\":\"ListItem\",\"position\":3,\"name\":\"\u00ab\u00a0Violetwoo\u00a0\u00bb n\u00b04240x30cm\"}]},{\"@type\":\"WebSite\",\"@id\":\"https:\\\/\\\/www.jeanbailenart.com\\\/#website\",\"url\":\"https:\\\/\\\/www.jeanbailenart.com\\\/\",\"name\":\"JeanBailenArt\",\"description\":\"Un site utilisant WordPress\",\"potentialAction\":[{\"@type\":\"SearchAction\",\"target\":{\"@type\":\"EntryPoint\",\"urlTemplate\":\"https:\\\/\\\/www.jeanbailenart.com\\\/?s={search_term_string}\"},\"query-input\":{\"@type\":\"PropertyValueSpecification\",\"valueRequired\":true,\"valueName\":\"search_term_string\"}}],\"inLanguage\":\"fr-FR\"}]}<\/script>\n<!-- \/ Yoast SEO plugin. -->","yoast_head_json":{"title":"\"Violetwoo\" n\u00b04240x30cm - JeanBailenArt","robots":{"index":"index","follow":"follow","max-snippet":"max-snippet:-1","max-image-preview":"max-image-preview:large","max-video-preview":"max-video-preview:-1"},"canonical":"https:\/\/www.jeanbailenart.com\/index.php\/produit\/violetwoo-n42\/","og_locale":"fr_FR","og_type":"article","og_title":"\"Violetwoo\" n\u00b04240x30cm - JeanBailenArt","og_description":"\u0152uvre originale  Aquarelle et encre sur papier 300g  40x30 cm  Le dessin est prot\u00e9g\u00e9 par un fixateur  Cadre non inclus","og_url":"https:\/\/www.jeanbailenart.com\/index.php\/produit\/violetwoo-n42\/","og_site_name":"JeanBailenArt","article_modified_time":"2026-04-29T08:37:49+00:00","og_image":[{"width":2405,"height":1800,"url":"http:\/\/www.jeanbailenart.com\/wp-content\/uploads\/2025\/03\/VioletWoo.jpg","type":"image\/jpeg"}],"twitter_card":"summary_large_image","twitter_misc":{"Dur\u00e9e de lecture estim\u00e9e":"1 minute"},"schema":{"@context":"https:\/\/schema.org","@graph":[{"@type":"WebPage","@id":"https:\/\/www.jeanbailenart.com\/index.php\/produit\/violetwoo-n42\/","url":"https:\/\/www.jeanbailenart.com\/index.php\/produit\/violetwoo-n42\/","name":"\"Violetwoo\" n\u00b042 40x30cm - JeanBailenArt","isPartOf":{"@id":"https:\/\/www.jeanbailenart.com\/#website"},"primaryImageOfPage":{"@id":"https:\/\/www.jeanbailenart.com\/index.php\/produit\/violetwoo-n42\/#primaryimage"},"image":{"@id":"https:\/\/www.jeanbailenart.com\/index.php\/produit\/violetwoo-n42\/#primaryimage"},"thumbnailUrl":"https:\/\/www.jeanbailenart.com\/wp-content\/uploads\/2025\/03\/VioletWoo.jpg","datePublished":"2025-03-04T21:49:13+00:00","dateModified":"2026-04-29T08:37:49+00:00","breadcrumb":{"@id":"https:\/\/www.jeanbailenart.com\/index.php\/produit\/violetwoo-n42\/#breadcrumb"},"inLanguage":"fr-FR","potentialAction":[{"@type":"ReadAction","target":["https:\/\/www.jeanbailenart.com\/index.php\/produit\/violetwoo-n42\/"]}]},{"@type":"ImageObject","inLanguage":"fr-FR","@id":"https:\/\/www.jeanbailenart.com\/index.php\/produit\/violetwoo-n42\/#primaryimage","url":"https:\/\/www.jeanbailenart.com\/wp-content\/uploads\/2025\/03\/VioletWoo.jpg","contentUrl":"https:\/\/www.jeanbailenart.com\/wp-content\/uploads\/2025\/03\/VioletWoo.jpg","width":2405,"height":1800},{"@type":"BreadcrumbList","@id":"https:\/\/www.jeanbailenart.com\/index.php\/produit\/violetwoo-n42\/#breadcrumb","itemListElement":[{"@type":"ListItem","position":1,"name":"Accueil","item":"https:\/\/www.jeanbailenart.com\/"},{"@type":"ListItem","position":2,"name":"Galerie","item":"https:\/\/www.jeanbailenart.com\/index.php\/galerie\/"},{"@type":"ListItem","position":3,"name":"\u00ab\u00a0Violetwoo\u00a0\u00bb n\u00b04240x30cm"}]},{"@type":"WebSite","@id":"https:\/\/www.jeanbailenart.com\/#website","url":"https:\/\/www.jeanbailenart.com\/","name":"JeanBailenArt","description":"Un site utilisant WordPress","potentialAction":[{"@type":"SearchAction","target":{"@type":"EntryPoint","urlTemplate":"https:\/\/www.jeanbailenart.com\/?s={search_term_string}"},"query-input":{"@type":"PropertyValueSpecification","valueRequired":true,"valueName":"search_term_string"}}],"inLanguage":"fr-FR"}]}},"_links":{"self":[{"href":"https:\/\/www.jeanbailenart.com\/index.php\/wp-json\/wp\/v2\/product\/472","targetHints":{"allow":["GET"]}}],"collection":[{"href":"https:\/\/www.jeanbailenart.com\/index.php\/wp-json\/wp\/v2\/product"}],"about":[{"href":"https:\/\/www.jeanbailenart.com\/index.php\/wp-json\/wp\/v2\/types\/product"}],"replies":[{"embeddable":true,"href":"https:\/\/www.jeanbailenart.com\/index.php\/wp-json\/wp\/v2\/comments?post=472"}],"wp:featuredmedia":[{"embeddable":true,"href":"https:\/\/www.jeanbailenart.com\/index.php\/wp-json\/wp\/v2\/media\/581"}],"wp:attachment":[{"href":"https:\/\/www.jeanbailenart.com\/index.php\/wp-json\/wp\/v2\/media?parent=472"}],"wp:term":[{"taxonomy":"product_brand","embeddable":true,"href":"https:\/\/www.jeanbailenart.com\/index.php\/wp-json\/wp\/v2\/product_brand?post=472"},{"taxonomy":"product_cat","embeddable":true,"href":"https:\/\/www.jeanbailenart.com\/index.php\/wp-json\/wp\/v2\/product_cat?post=472"},{"taxonomy":"product_tag","embeddable":true,"href":"https:\/\/www.jeanbailenart.com\/index.php\/wp-json\/wp\/v2\/product_tag?post=472"}],"curies":[{"name":"wp","href":"https:\/\/api.w.org\/{rel}","templated":true}]}}